{"id":11,"date":"2022-04-26T02:08:38","date_gmt":"2022-04-26T02:08:38","guid":{"rendered":"https:\/\/impreza48.us-themes.com\/?page_id=11"},"modified":"2025-06-27T11:27:53","modified_gmt":"2025-06-27T08:27:53","slug":"home","status":"publish","type":"page","link":"https:\/\/startconsiliere.com\/","title":{"rendered":"Home"},"content":{"rendered":"<section class=\"l-section wpb_row height_auto width_full\"><div class=\"l-section-h i-cf\"><div class=\"g-cols vc_row via_grid cols_2-1 laptops-cols_inherit tablets-cols_1 mobiles-cols_1 valign_top type_default stacking_default\" style=\"--columns-gap:0rem;\"><div class=\"wpb_column vc_column_container us_custom_66385c1b\"><div class=\"vc_column-inner\"><div class=\"w-separator size_huge\"><\/div><h1 class=\"w-text us_custom_cfee2954\"><span class=\"w-text-h\"><span class=\"w-text-value\">START<\/span><\/span><\/h1><h4 class=\"w-text\"><span class=\"w-text-h\"><span class=\"w-text-value\">Pachet de consiliere, orientare si formare pentru persoanele cu nivel scazut de instruire <\/span><\/span><\/h4><div class=\"g-cols wpb_row us_custom_0327f43d via_grid cols_3 laptops-cols_inherit tablets-cols_3 mobiles-cols_2 valign_top type_default stacking_default\" style=\"--columns-gap:2rem;\"><div class=\"wpb_column vc_column_container\"><div class=\"vc_column-inner\"><div class=\"w-counter us_custom_6130fcc9 has_text_color color_primary align_left has_font_size\" data-duration=\"2\"><div class=\"w-counter-value\"><span class=\"w-counter-value-part type_text\" data-final=\"\"><\/span><span class=\"w-counter-value-part type_number\" data-final=\"135000\">0<\/span><span class=\"w-counter-value-part type_text\" data-final=\"\"><\/span><\/div><h2 class=\"w-counter-title\" style=\"font-size:calc( 18px + 0.7vw );\">absolven\u021bi<\/h2><\/div><\/div><\/div><div class=\"wpb_column vc_column_container\"><div class=\"vc_column-inner\"><div class=\"w-counter us_custom_6130fcc9 has_text_color color_primary align_left has_font_size\" data-duration=\"2\"><div class=\"w-counter-value\"><span class=\"w-counter-value-part type_text\" data-final=\"\"><\/span><span class=\"w-counter-value-part type_number\" data-final=\"140\">0<\/span><span class=\"w-counter-value-part type_text\" data-final=\"\"><\/span><\/div><h2 class=\"w-counter-title\" style=\"font-size:calc( 18px + 0.7vw );\">programe de formare profesional\u0103<\/h2><\/div><\/div><\/div><div class=\"wpb_column vc_column_container\"><div class=\"vc_column-inner\"><div class=\"w-counter us_custom_6130fcc9 has_text_color color_primary align_left has_font_size\" data-duration=\"2\"><div class=\"w-counter-value\"><span class=\"w-counter-value-part type_text\" data-final=\"\"><\/span><span class=\"w-counter-value-part type_number\" data-final=\"16\">1<\/span><span class=\"w-counter-value-part type_text\" data-final=\"\"><\/span><\/div><h2 class=\"w-counter-title\" style=\"font-size:calc( 18px + 0.7vw );\">ani de activitate in domeniu<\/h2><\/div><\/div><\/div><\/div><div class=\"w-separator size_huge\"><\/div><div class=\"w-tabs layout_ver navwidth_30 navpos_left style_trendy switch_click has_scrolling remove_indents\" style=\"--sections-title-size:1.6rem\"><div class=\"w-tabs-list items_4 align_none\" style=\"font-weight:600;line-height:1rem;\"><div class=\"w-tabs-list-h\"><button class=\"w-tabs-item active\" aria-controls=\"content-dcfd\" aria-expanded=\"false\"><span class=\"w-tabs-item-title\">Proiect<\/span><\/button><button class=\"w-tabs-item\" aria-controls=\"content-aea7\" aria-expanded=\"false\"><span class=\"w-tabs-item-title\">Implemetare<\/span><\/button><button class=\"w-tabs-item\" aria-controls=\"content-q02e\" aria-expanded=\"false\"><span class=\"w-tabs-item-title\">Valori<\/span><\/button><button class=\"w-tabs-item\" aria-controls=\"content-l1b4\" aria-expanded=\"false\"><span class=\"w-tabs-item-title\">Solicitant<\/span><\/button><\/div><\/div><div class=\"w-tabs-sections titles-align_none icon_chevron cpos_right\"><div class=\"w-tabs-section active\" id=\"dcfd\"><button class=\"w-tabs-section-header active\" aria-controls=\"content-dcfd\" aria-expanded=\"true\"><h3 class=\"w-tabs-section-title\">Proiect<\/h3><div class=\"w-tabs-section-control\"><\/div><\/button><div  class=\"w-tabs-section-content us_custom_cab03695\" id=\"content-dcfd\"><div class=\"w-tabs-section-content-h i-cf\"><div class=\"wpb_text_column us_custom_d89e4085\"><div class=\"wpb_wrapper\"><p>START &#8211; Pachet de consiliere, orientare si formare pentru persoanele cu nivel scazut de instruire<br \/>\nCod SMIS id: 336050<br \/>\nDurata proiectului: 24 luni (01.07.2025-30.06.2027)<\/p>\n<\/div><\/div><\/div><\/div><\/div><div class=\"w-tabs-section\" id=\"aea7\"><button class=\"w-tabs-section-header\" aria-controls=\"content-aea7\" aria-expanded=\"false\"><h3 class=\"w-tabs-section-title\">Implemetare<\/h3><div class=\"w-tabs-section-control\"><\/div><\/button><div  class=\"w-tabs-section-content\" id=\"content-aea7\"><div class=\"w-tabs-section-content-h i-cf\"><div class=\"wpb_text_column us_custom_d89e4085\"><div class=\"wpb_wrapper\"><p>Numele beneficiarului: <a href=\"https:\/\/cursuriccse.ro\/\" target=\"_blank\" rel=\"noopener\">Centrul de Consultanta si Studii Europene SRL<\/a> (CCSE)<br \/>\nZona de implementare: regiunea Sud-Est, Nord-Est, Nord-Vest si Sud-Muntenia<\/p>\n<\/div><\/div><\/div><\/div><\/div><div class=\"w-tabs-section\" id=\"q02e\"><button class=\"w-tabs-section-header\" aria-controls=\"content-q02e\" aria-expanded=\"false\"><h3 class=\"w-tabs-section-title\">Valori<\/h3><div class=\"w-tabs-section-control\"><\/div><\/button><div  class=\"w-tabs-section-content\" id=\"content-q02e\"><div class=\"w-tabs-section-content-h i-cf\"><div class=\"wpb_text_column us_custom_d89e4085\"><div class=\"wpb_wrapper\"><p>Valoarea total\u0103 a proiectului: 2.485.147,18RON lei<br \/>\nValoarea finan\u021b\u0103rii primite prin Programul Educatie si Ocupare: 2.360.889,81 lei<br \/>\nValoarea co-finan\u021b\u0103rii eligibile a Beneficiarului: 124.257,37 lei<\/p>\n<\/div><\/div><\/div><\/div><\/div><div class=\"w-tabs-section\" id=\"l1b4\"><button class=\"w-tabs-section-header\" aria-controls=\"content-l1b4\" aria-expanded=\"false\"><h3 class=\"w-tabs-section-title\">Solicitant<\/h3><div class=\"w-tabs-section-control\"><\/div><\/button><div  class=\"w-tabs-section-content\" id=\"content-l1b4\"><div class=\"w-tabs-section-content-h i-cf\"><div class=\"wpb_text_column us_custom_d89e4085\"><div class=\"wpb_wrapper\"><p>Centrul de Consultan\u021b\u0103 \u0219i Studii Europene SRL, Gala\u021bi<br \/>\nCUI \u2013 17253210, Nr. Reg. Com \u2013 J17\/357\/2005, EUID \u2013 ROONRC.J17\/357\/2005<\/p>\n<\/div><\/div><\/div><\/div><\/div><\/div><\/div><\/div><\/div><div class=\"wpb_column vc_column_container us_custom_10e009ff hide_on_tablets hide_on_mobiles has_bg_color\"><div class=\"vc_column-inner\"><\/div><\/div><\/div><\/div><\/section><section class=\"l-section wpb_row height_auto width_full\"><div class=\"l-section-h i-cf\"><div class=\"g-cols vc_row via_grid cols_2-1 laptops-cols_inherit tablets-cols_1 mobiles-cols_1 valign_top type_default stacking_default\" style=\"--columns-gap:0rem;\"><div class=\"wpb_column vc_column_container us_custom_8f4479a9\"><div class=\"vc_column-inner\"><div class=\"g-cols wpb_row via_grid cols_1-2 laptops-cols_1 tablets-cols_1 mobiles-cols_1 valign_middle type_default stacking_default\" style=\"--columns-gap:3rem;\"><div class=\"wpb_column vc_column_container\"><div class=\"vc_column-inner\"><h2 class=\"w-text\"><span class=\"w-text-h\"><span class=\"w-text-value\">Despre<\/span><\/span><\/h2><div class=\"w-image us_custom_3b26f501 align_none\"><div class=\"w-image-h\"><img decoding=\"async\" width=\"866\" height=\"726\" src=\"https:\/\/startconsiliere.com\/wp-content\/uploads\/logo-CCSE-mediu-fara-firma.png\" class=\"attachment-large size-large\" alt=\"\" loading=\"lazy\" srcset=\"https:\/\/startconsiliere.com\/wp-content\/uploads\/logo-CCSE-mediu-fara-firma.png 866w, https:\/\/startconsiliere.com\/wp-content\/uploads\/logo-CCSE-mediu-fara-firma-300x252.png 300w, https:\/\/startconsiliere.com\/wp-content\/uploads\/logo-CCSE-mediu-fara-firma-150x126.png 150w\" sizes=\"auto, (max-width: 866px) 100vw, 866px\" \/><\/div><\/div><\/div><\/div><div class=\"wpb_column vc_column_container\"><div class=\"vc_column-inner\"><div class=\"wpb_text_column\"><div class=\"wpb_wrapper\"><p>Centrul de Consultan\u021b\u0103 \u0219i Studii Europene SRL a luat fiin\u021b\u0103 \u00een 2005, av\u00e2nd ca obiect principal de activitate conform Codului CAEN 8559 &#8211; alte forme de \u00eenv\u0103\u021b\u0103m\u00e2nt. Compania se axeaz\u0103 pe furnizarea de servicii de formare profesional\u0103, completate de servicii de informare \u0219i consiliere, oferind astfel solu\u021bii concrete \u0219i pentru domeniul medierii muncii.<\/p>\n<p>De-a lungul timpului, CCSE a fost implicat\u0103 \u00een 52 de proiecte ca partener cu finan\u021bare extern\u0103 \u0219i a implementat 9 proiecte \u00een calitate de solicitant.<br \/>\nCu o experien\u021b\u0103 de 20 ani \u00een domeniul form\u0103rii profesionale pentru adul\u021bi, CCSE a avut peste 135.000 de absolven\u021bi \u0219i a dezvoltat peste 140 de programe de formare profesional\u0103. Aceast\u0103 bogat\u0103 experien\u021b\u0103 a fost consolidat\u0103 prin participarea la diverse proiecte cu finan\u021bare extern\u0103, at\u00e2t \u00een calitate de solicitant, c\u00e2t \u0219i de partener, \u0219i prin \u00eencheierea a peste 20 de contracte de prest\u0103ri servicii cu institu\u021bii publice \u0219i \u00eentreprinderi private.<\/p>\n<p>Astfel, expertiza CCSE \u00een campaniile de con\u0219tientizare, implementarea programelor de formare profesional\u0103 \u0219i furnizarea serviciilor de consiliere \u0219i asisten\u021b\u0103 pentru ini\u021bierea activit\u0103\u021bilor independente, precum \u0219i \u00een facilitarea \u00eenfiin\u021b\u0103rii \u0219i demar\u0103rii \u00eentreprinderilor, este solid fundamentat\u0103 \u00een participarea activ\u0103 la proiecte variate \u0219i colaborarea cu diverse entit\u0103\u021bi publice \u0219i private.<\/p>\n<\/div><\/div><\/div><\/div><\/div><\/div><\/div><div class=\"wpb_column vc_column_container us_custom_f43373ba hide_on_tablets hide_on_mobiles has_bg_color\"><div class=\"vc_column-inner\"><\/div><\/div><\/div><\/div><\/section><section class=\"l-section wpb_row height_auto width_full\"><div class=\"l-section-h i-cf\"><div class=\"g-cols vc_row via_grid cols_1 laptops-cols_inherit tablets-cols_1 mobiles-cols_1 valign_top type_default stacking_default\" style=\"--columns-gap:0rem;\"><div class=\"wpb_column vc_column_container us_custom_8f4479a9\"><div class=\"vc_column-inner\"><h2 class=\"w-text us_custom_8ac662a2 has_text_color\"><span class=\"w-text-h\"><span class=\"w-text-value\">Inscriere ON-LINE<\/span><\/span><\/h2><div class=\"w-btn-wrapper align_center\"><a class=\"w-btn us-btn-style_1\" href=\"?page_id=472\"><span class=\"w-btn-label\">Formular<\/span><\/a><\/div><\/div><\/div><\/div><\/div><\/section>\n","protected":false},"excerpt":{"rendered":"STARTPachet de consiliere, orientare si formare pentru persoanele cu nivel scazut de instruire 0absolven\u021bi0programe de formare profesional\u01031ani de activitate in domeniuProiectImplemetareValoriSolicitantProiectSTART &#8211; Pachet de consiliere, orientare si formare pentru persoanele cu nivel scazut de instruire Cod SMIS id: 336050 Durata proiectului: 24 luni (01.07.2025-30.06.2027) ImplemetareNumele beneficiarului: Centrul de Consultanta si Studii Europene SRL (CCSE) Zona...","protected":false},"author":1,"featured_media":0,"parent":0,"menu_order":0,"comment_status":"closed","ping_status":"closed","template":"","meta":{"footnotes":""},"class_list":["post-11","page","type-page","status-publish","hentry"],"_links":{"self":[{"href":"https:\/\/startconsiliere.com\/index.php?rest_route=\/wp\/v2\/pages\/11","targetHints":{"allow":["GET"]}}],"collection":[{"href":"https:\/\/startconsiliere.com\/index.php?rest_route=\/wp\/v2\/pages"}],"about":[{"href":"https:\/\/startconsiliere.com\/index.php?rest_route=\/wp\/v2\/types\/page"}],"author":[{"embeddable":true,"href":"https:\/\/startconsiliere.com\/index.php?rest_route=\/wp\/v2\/users\/1"}],"replies":[{"embeddable":true,"href":"https:\/\/startconsiliere.com\/index.php?rest_route=%2Fwp%2Fv2%2Fcomments&post=11"}],"version-history":[{"count":40,"href":"https:\/\/startconsiliere.com\/index.php?rest_route=\/wp\/v2\/pages\/11\/revisions"}],"predecessor-version":[{"id":489,"href":"https:\/\/startconsiliere.com\/index.php?rest_route=\/wp\/v2\/pages\/11\/revisions\/489"}],"wp:attachment":[{"href":"https:\/\/startconsiliere.com\/index.php?rest_route=%2Fwp%2Fv2%2Fmedia&parent=11"}],"curies":[{"name":"wp","href":"https:\/\/api.w.org\/{rel}","templated":true}]}}