{"id":116,"date":"2022-04-30T20:22:53","date_gmt":"2022-04-30T20:22:53","guid":{"rendered":"https:\/\/impreza48.us-themes.com\/?page_id=116"},"modified":"2025-06-27T11:29:09","modified_gmt":"2025-06-27T08:29:09","slug":"about","status":"publish","type":"page","link":"https:\/\/startconsiliere.com\/?page_id=116","title":{"rendered":"Obiective"},"content":{"rendered":"<section class=\"l-section wpb_row us_custom_887a049b height_medium\"><div class=\"l-section-h i-cf\"><div class=\"g-cols vc_row via_grid cols_2-1 laptops-cols_inherit tablets-cols_1 mobiles-cols_1 valign_middle type_default stacking_default\"><div class=\"wpb_column vc_column_container\"><div class=\"vc_column-inner\"><h2 class=\"w-text\"><span class=\"w-text-h\"><span class=\"w-text-value\">Obiectivul general al proiectului<\/span><\/span><\/h2><div class=\"wpb_text_column\"><div class=\"wpb_wrapper\"><p>Cresterea participarii a 308 persoane cu varste intre 18-64 ani cu nivel scazut sau fara calificare la programe de formare profesionala printr-o mai bun\u0103 anticipare a schimb\u0103rii \u0219i a cerin\u021belor de noi competen\u021be bazate pe nevoile pie\u021bei muncii, precum \u0219i prin facilitarea tranzi\u021biilor profesionale \u0219i promovarea mobilit\u0103\u021bii profesionale din <strong>Regiunile de Sud-Est, Nord-Est, Nord-Vest si Sud-Muntenia.<\/strong><\/p>\n<\/div><\/div><\/div><\/div><div class=\"wpb_column vc_column_container\"><div class=\"vc_column-inner\"><div class=\"w-image us_custom_3b26f501 align_center\"><div class=\"w-image-h\"><img decoding=\"async\" width=\"300\" height=\"227\" src=\"https:\/\/startconsiliere.com\/wp-content\/uploads\/start-logo-300x227.jpg\" class=\"attachment-medium size-medium\" alt=\"\" loading=\"lazy\" srcset=\"https:\/\/startconsiliere.com\/wp-content\/uploads\/start-logo-300x227.jpg 300w, https:\/\/startconsiliere.com\/wp-content\/uploads\/start-logo-1024x776.jpg 1024w, https:\/\/startconsiliere.com\/wp-content\/uploads\/start-logo-150x114.jpg 150w, https:\/\/startconsiliere.com\/wp-content\/uploads\/start-logo.jpg 1138w\" sizes=\"auto, (max-width: 300px) 100vw, 300px\" \/><\/div><\/div><\/div><\/div><\/div><\/div><\/section><section class=\"l-section wpb_row height_medium\"><div class=\"l-section-h i-cf\"><div class=\"g-cols vc_row via_grid cols_1 laptops-cols_inherit tablets-cols_1 mobiles-cols_1 valign_middle type_default stacking_default\"><div class=\"wpb_column vc_column_container\"><div class=\"vc_column-inner\"><h2 class=\"w-text\"><span class=\"w-text-h\"><span class=\"w-text-value\">Obiective specifice, \u00een cadrul proiectului<\/span><\/span><\/h2><div class=\"wpb_text_column\"><div class=\"wpb_wrapper\"><p><strong>Obiectiv Specific 0<\/strong>: Analiza de nevoi initiale in vederea identific\u0103rii necesarului de formare profesional\u0103 pentru persoanele f\u0103r\u0103 sau cu nivel sc\u0103zut de calificare.<br \/>\n<strong>Obiectiv Specific 1<\/strong>: Furnizarea de servicii de orientare in carier\u0103 si consiliere profesional\u0103 a 308 persoane din grupul tinta.<br \/>\n<strong>Obiectiv Specific 2<\/strong>: Furnizarea de servicii de evaluare \u0219i certificare pentru 14 persoane.<br \/>\n<strong>Obiectiv Specific 3<\/strong>: Furnizarea de servicii personalizate de dob\u00e2ndire de competen\u021be de limba rom\u00e2n\u0103, matematica, competen\u021be IT pentru 84 persoane.<br \/>\n<strong>Obiectiv Specific 4<\/strong>: Formarea profesionala pentru 294 persoane.<br \/>\n<strong>Obiectiv Specific 5<\/strong>: Activit\u0103\u021bi de acompaniere socio-profesional\u0103 prin acordarea unei sume de subzisten\u021b\u0103 sub form\u0103 de subventie pentru participarea la programele de formare si pentru participarea la programele de pregatire la un numar de 294 persoane .<br \/>\n<strong>Obiectiv Specific 6<\/strong>: Informarea si selectia grupului tinta a proiectului pentru 308 persoane.<br \/>\n<strong>Obiectiv Specific 7<\/strong>: Dezvoltarea si implementarea unui sistem de management si control performant al proiectului prin monitorizarea continua a rezultatelor obtinute, \u00een vederea maximizarii impactului proiectului asupra grupului tinta vizat precum si asigurarea vizibilitatii finantatorului si a activitatilor proiectului.<br \/>\n<strong>Obiectiv Specific 8<\/strong>: Asigurarea unei organizari temeinice privind decontarea cheltuielilor indirecte pe baza de rata forfetara, pe intreaga perioada de implementare a proiectului.<\/p>\n<\/div><\/div><div class=\"w-separator size_medium\"><\/div><\/div><\/div><\/div><\/div><\/section>\n","protected":false},"excerpt":{"rendered":"Obiectivul general al proiectuluiCresterea participarii a 308 persoane cu varste intre 18-64 ani cu nivel scazut sau fara calificare la programe de formare profesionala printr-o mai bun\u0103 anticipare a schimb\u0103rii \u0219i a cerin\u021belor de noi competen\u021be bazate pe nevoile pie\u021bei muncii, precum \u0219i prin facilitarea tranzi\u021biilor profesionale \u0219i promovarea mobilit\u0103\u021bii profesionale din Regiunile de Sud-Est,...","protected":false},"author":1,"featured_media":0,"parent":0,"menu_order":0,"comment_status":"closed","ping_status":"closed","template":"","meta":{"footnotes":""},"class_list":["post-116","page","type-page","status-publish","hentry"],"_links":{"self":[{"href":"https:\/\/startconsiliere.com\/index.php?rest_route=\/wp\/v2\/pages\/116","targetHints":{"allow":["GET"]}}],"collection":[{"href":"https:\/\/startconsiliere.com\/index.php?rest_route=\/wp\/v2\/pages"}],"about":[{"href":"https:\/\/startconsiliere.com\/index.php?rest_route=\/wp\/v2\/types\/page"}],"author":[{"embeddable":true,"href":"https:\/\/startconsiliere.com\/index.php?rest_route=\/wp\/v2\/users\/1"}],"replies":[{"embeddable":true,"href":"https:\/\/startconsiliere.com\/index.php?rest_route=%2Fwp%2Fv2%2Fcomments&post=116"}],"version-history":[{"count":16,"href":"https:\/\/startconsiliere.com\/index.php?rest_route=\/wp\/v2\/pages\/116\/revisions"}],"predecessor-version":[{"id":490,"href":"https:\/\/startconsiliere.com\/index.php?rest_route=\/wp\/v2\/pages\/116\/revisions\/490"}],"wp:attachment":[{"href":"https:\/\/startconsiliere.com\/index.php?rest_route=%2Fwp%2Fv2%2Fmedia&parent=116"}],"curies":[{"name":"wp","href":"https:\/\/api.w.org\/{rel}","templated":true}]}}