{"id":369,"date":"2025-06-20T12:39:07","date_gmt":"2025-06-20T09:39:07","guid":{"rendered":"https:\/\/accesformare.com\/?page_id=369"},"modified":"2025-06-20T12:43:55","modified_gmt":"2025-06-20T09:43:55","slug":"grup-tinta","status":"publish","type":"page","link":"https:\/\/startconsiliere.com\/?page_id=369","title":{"rendered":"Grup \u021bint\u0103"},"content":{"rendered":"<section class=\"l-section wpb_row height_medium\"><div class=\"l-section-h i-cf\"><div class=\"g-cols vc_row via_grid cols_1 laptops-cols_inherit tablets-cols_inherit mobiles-cols_1 valign_top type_default stacking_default\"><div class=\"wpb_column vc_column_container us_custom_f18e90ad has_bg_color\"><div class=\"vc_column-inner\"><div class=\"w-text us_custom_3f70380e\"><span class=\"w-text-h\"><span class=\"w-text-value\">Grup \u021bint\u0103<\/span><\/span><\/div><div class=\"w-separator size_small\"><\/div><div class=\"wpb_text_column\"><div class=\"wpb_wrapper\"><p>\u00cen cadrul acestui proiect, grupul \u021bint\u0103 eligibil cuprinde 308 persoane din regiunile mai pu\u021bin dezvoltate Regiunea Sud-Est: Br\u0103ila, Buz\u0103u ,Constan\u021ba, Gala\u021bi, Tulcea, Vrancea, Regiunea Nord-Est: Bac\u0103u, Boto\u0219ani, Ia\u0219i, Neam\u021b, Suceava, Vaslui, Regiunea Nord-Vest: Bihor, Bistri\u021ba-N\u0103s\u0103ud, Cluj, Maramure\u0219, Satu Mare, S\u0103laj, Regiunea Sud-Muntenia: Arge\u0219, C\u0103l\u0103ra\u0219i,D\u00e2mbovi\u021ba, Giurgiu, Ialomi\u021ba, Prahova, Teleorman.<\/p>\n<p>Persoanele eligibile trebuie s\u0103 se \u00eencadreze \u00een categoria \u201ePersoana cu nivel sc\u0103zut de calificare\u201d, respectiv persoane care de\u021bin un nivel sc\u0103zut de calificare sau nu au nicio calificare cu v\u00e2rsta cuprins\u0103 intre 18 si 64 de ani( la data de intrare in operatiune).<\/p>\n<\/div><\/div><\/div><\/div><\/div><\/div><\/section><section class=\"l-section wpb_row height_medium\"><div class=\"l-section-h i-cf\"><div class=\"g-cols vc_row via_grid cols_1 laptops-cols_inherit tablets-cols_inherit mobiles-cols_1 valign_top type_default stacking_default\"><div class=\"wpb_column vc_column_container\"><div class=\"vc_column-inner\"><div class=\"wpb_text_column\"><div class=\"wpb_wrapper\"><table width=\"95%\">\n<tbody>\n<tr>\n<td width=\"120\"><strong>COD Indicato<\/strong>r<\/td>\n<td width=\"408\"><strong>Denumire indicator <\/strong><\/td>\n<td width=\"75\"><strong>Nr. persoane<\/strong><\/td>\n<\/tr>\n<tr>\n<td width=\"120\">EECO01<\/td>\n<td width=\"408\">Num\u0103r total de participan\u021bi(num\u0103r persoane)<\/td>\n<td width=\"75\">308<\/td>\n<\/tr>\n<tr>\n<td width=\"120\">5SR01<\/td>\n<td width=\"408\">Participan\u021bi care au finalizat formarea cu certificat\/care au participat la schimb de bune practici\/ instruiri (num\u0103r persoane)<\/td>\n<td width=\"75\">219<\/td>\n<\/tr>\n<\/tbody>\n<\/table>\n<\/div><\/div><\/div><\/div><\/div><\/div><\/section>\n","protected":false},"excerpt":{"rendered":"Grup \u021bint\u0103\u00cen cadrul acestui proiect, grupul \u021bint\u0103 eligibil cuprinde 308 persoane din regiunile mai pu\u021bin dezvoltate Regiunea Sud-Est: Br\u0103ila, Buz\u0103u ,Constan\u021ba, Gala\u021bi, Tulcea, Vrancea, Regiunea Nord-Est: Bac\u0103u, Boto\u0219ani, Ia\u0219i, Neam\u021b, Suceava, Vaslui, Regiunea Nord-Vest: Bihor, Bistri\u021ba-N\u0103s\u0103ud, Cluj, Maramure\u0219, Satu Mare, S\u0103laj, Regiunea Sud-Muntenia: Arge\u0219, C\u0103l\u0103ra\u0219i,D\u00e2mbovi\u021ba, Giurgiu, Ialomi\u021ba, Prahova, Teleorman. Persoanele eligibile trebuie s\u0103 se \u00eencadreze...","protected":false},"author":1,"featured_media":0,"parent":0,"menu_order":0,"comment_status":"closed","ping_status":"closed","template":"","meta":{"footnotes":""},"class_list":["post-369","page","type-page","status-publish","hentry"],"_links":{"self":[{"href":"https:\/\/startconsiliere.com\/index.php?rest_route=\/wp\/v2\/pages\/369","targetHints":{"allow":["GET"]}}],"collection":[{"href":"https:\/\/startconsiliere.com\/index.php?rest_route=\/wp\/v2\/pages"}],"about":[{"href":"https:\/\/startconsiliere.com\/index.php?rest_route=\/wp\/v2\/types\/page"}],"author":[{"embeddable":true,"href":"https:\/\/startconsiliere.com\/index.php?rest_route=\/wp\/v2\/users\/1"}],"replies":[{"embeddable":true,"href":"https:\/\/startconsiliere.com\/index.php?rest_route=%2Fwp%2Fv2%2Fcomments&post=369"}],"version-history":[{"count":4,"href":"https:\/\/startconsiliere.com\/index.php?rest_route=\/wp\/v2\/pages\/369\/revisions"}],"predecessor-version":[{"id":373,"href":"https:\/\/startconsiliere.com\/index.php?rest_route=\/wp\/v2\/pages\/369\/revisions\/373"}],"wp:attachment":[{"href":"https:\/\/startconsiliere.com\/index.php?rest_route=%2Fwp%2Fv2%2Fmedia&parent=369"}],"curies":[{"name":"wp","href":"https:\/\/api.w.org\/{rel}","templated":true}]}}