{"id":496,"date":"2025-07-17T09:40:49","date_gmt":"2025-07-17T06:40:49","guid":{"rendered":"https:\/\/startconsiliere.com\/?page_id=496"},"modified":"2025-07-17T09:40:49","modified_gmt":"2025-07-17T06:40:49","slug":"materiale-informative","status":"publish","type":"page","link":"https:\/\/startconsiliere.com\/?page_id=496","title":{"rendered":"Info"},"content":{"rendered":"<section class=\"l-section wpb_row us_custom_278d8c57 height_large\"><div class=\"l-section-h i-cf\"><div class=\"g-cols vc_row via_grid cols_1 laptops-cols_inherit tablets-cols_inherit mobiles-cols_1 valign_top type_default stacking_default\"><div class=\"wpb_column vc_column_container\"><div class=\"vc_column-inner\"><div class=\"w-separator size_large\"><\/div><div class=\"g-cols wpb_row via_grid cols_1-2 laptops-cols_1 tablets-cols_inherit mobiles-cols_1 valign_top type_default stacking_default\" style=\"--columns-gap:2.6rem;\"><div class=\"wpb_column vc_column_container us_custom_eef79b84 has_bg_color type_sticky\"><div class=\"vc_column-inner\"><h3 class=\"w-text us_custom_dfb871c2 has_text_color\"><span class=\"w-text-h\"><span class=\"w-text-value\">Materiale informative<\/span><\/span><\/h3><\/div><\/div><div class=\"wpb_column vc_column_container\"><div class=\"vc_column-inner\"><div class=\"w-grid type_masonry layout_blog_11 cols_2 with_isotope\" id=\"us_grid_1\" style=\"--columns:2;--gap:1.5rem;\" data-filterable=\"true\"><style>@media (max-width:600px){#us_grid_1{--columns:1!important}}.layout_blog_11 .w-grid-item-h{}.layout_blog_11 .usg_post_title_1{font-size:1.4rem!important;font-weight:700!important;margin-bottom:0.5rem!important}.layout_blog_11 .usg_hwrapper_1{color:var(--color-content-faded)!important;font-size:0.9rem!important}.layout_blog_11 .usg_post_taxonomy_1{font-weight:700!important;text-transform:uppercase!important}.layout_blog_11 .usg_post_image_1{margin-top:0.7rem!important}.layout_blog_11 .usg_post_content_1{max-width:600px!important;margin-top:0.8rem!important}@media (max-width:600px){.layout_blog_11 .usg_post_title_1{font-size:1.2rem!important}}<\/style><div class=\"w-grid-list\">\t<article class=\"w-grid-item size_1x1 post-506 post type-post status-publish format-standard hentry category-materiale-informative\" data-id=\"506\">\r\n\t\t<div class=\"w-grid-item-h\">\r\n\t\t\t\t\t\t<h2 class=\"w-post-elm post_title usg_post_title_1 entry-title color_link_inherit\"><a href=\"https:\/\/startconsiliere.com\/?p=506\">Metodologia de acordare a subven\u021biilor pentru persoanele din grupul \u021bint\u0103<\/a><\/h2><div class=\"w-hwrapper usg_hwrapper_1 has_text_color align_none valign_top wrap\"><div class=\"w-post-elm post_taxonomy usg_post_taxonomy_1 style_simple\"><a class=\"term-4 term-materiale-informative\" href=\"https:\/\/startconsiliere.com\/?cat=4\">Materiale informative<\/a><\/div><time class=\"w-post-elm post_date usg_post_date_1 entry-date published\" datetime=\"2025-10-15T10:42:15+03:00\" title=\"15 October 2025 at 10:42:15 Europe\/Bucharest\">6 months ago<\/time><\/div><div class=\"w-post-elm post_content usg_post_content_1\">Prezenta metodologie stabile\u0219te cadrul general, principiile \u0219i criteriile privind acordarea subven\u021biilor pentru persoanele din grupul \u021bint\u0103 implicate \u00een proiectele implementate de Centrul de Consultan\u021b\u0103 \u0219i Studii Europene SRL, \u00een cadrul&hellip;<\/div>\t\t<\/div>\r\n\t\t\t<\/article>\r\n\t<article class=\"w-grid-item size_1x1 post-503 post type-post status-publish format-standard hentry category-materiale-informative\" data-id=\"503\">\r\n\t\t<div class=\"w-grid-item-h\">\r\n\t\t\t\t\t\t<h2 class=\"w-post-elm post_title usg_post_title_1 entry-title color_link_inherit\"><a href=\"https:\/\/startconsiliere.com\/?p=503\">Dezvoltare personal\u0103 \u0219i adaptare pe pia\u021ba muncii<\/a><\/h2><div class=\"w-hwrapper usg_hwrapper_1 has_text_color align_none valign_top wrap\"><div class=\"w-post-elm post_taxonomy usg_post_taxonomy_1 style_simple\"><a class=\"term-4 term-materiale-informative\" href=\"https:\/\/startconsiliere.com\/?cat=4\">Materiale informative<\/a><\/div><time class=\"w-post-elm post_date usg_post_date_1 entry-date published\" datetime=\"2025-07-20T09:42:47+03:00\" title=\"20 July 2025 at 09:42:47 Europe\/Bucharest\">9 months ago<\/time><\/div><div class=\"w-post-elm post_content usg_post_content_1\">Aceste materiale trateaz\u0103 aspecte importante ale dezvolt\u0103rii personale \u0219i profesionale, eviden\u021biind at\u00e2t abilit\u0103\u021bile necesare pentru a construi rela\u021bii s\u0103n\u0103toase la locul de munc\u0103, c\u00e2t \u0219i strategiile prin care o persoan\u0103&hellip;<\/div>\t\t<\/div>\r\n\t\t\t<\/article>\r\n\t<article class=\"w-grid-item size_1x1 post-494 post type-post status-publish format-standard hentry category-materiale-informative\" data-id=\"494\">\r\n\t\t<div class=\"w-grid-item-h\">\r\n\t\t\t\t\t\t<h2 class=\"w-post-elm post_title usg_post_title_1 entry-title color_link_inherit\"><a href=\"https:\/\/startconsiliere.com\/?p=494\">Metodologia de formare si selectie a grupului tinta<\/a><\/h2><div class=\"w-hwrapper usg_hwrapper_1 has_text_color align_none valign_top wrap\"><div class=\"w-post-elm post_taxonomy usg_post_taxonomy_1 style_simple\"><a class=\"term-4 term-materiale-informative\" href=\"https:\/\/startconsiliere.com\/?cat=4\">Materiale informative<\/a><\/div><time class=\"w-post-elm post_date usg_post_date_1 entry-date published\" datetime=\"2025-07-17T09:38:13+03:00\" title=\"17 July 2025 at 09:38:13 Europe\/Bucharest\">9 months ago<\/time><\/div><div class=\"w-post-elm post_content usg_post_content_1\">Metodologia de identificare si selec\u021bie a grupului \u021bint\u0103 (GT) pentru proiectul cu titlul \u201eSTART&#8221; este realizat\u0103 pentru a facilita desf\u0103\u0219urarea \u00een condi\u021bii optime a acestei activit\u0103\u021bi.. vezi mai mult<\/div>\t\t<\/div>\r\n\t\t\t<\/article>\r\n<\/div><div class=\"w-grid-preloader\">\t<div class=\"g-preloader type_1\">\r\n\t\t<div><\/div>\r\n\t<\/div>\r\n\t<\/div>\t<div class=\"w-grid-json hidden\" onclick='return {&quot;action&quot;:&quot;us_ajax_grid&quot;,&quot;infinite_scroll&quot;:0,&quot;max_num_pages&quot;:1,&quot;pagination&quot;:&quot;none&quot;,&quot;template_vars&quot;:{&quot;columns&quot;:&quot;2&quot;,&quot;exclude_items&quot;:&quot;none&quot;,&quot;img_size&quot;:&quot;default&quot;,&quot;ignore_items_size&quot;:0,&quot;items_layout&quot;:&quot;blog_11&quot;,&quot;items_offset&quot;:&quot;1&quot;,&quot;load_animation&quot;:&quot;none&quot;,&quot;overriding_link&quot;:&quot;%7B%22url%22%3A%22%22%7D&quot;,&quot;post_id&quot;:0,&quot;query_args&quot;:{&quot;post_type&quot;:[&quot;post&quot;],&quot;tax_query&quot;:[{&quot;taxonomy&quot;:&quot;category&quot;,&quot;field&quot;:&quot;slug&quot;,&quot;terms&quot;:[&quot;materiale-informative&quot;]}],&quot;post_status&quot;:[&quot;publish&quot;],&quot;posts_per_page&quot;:&quot;10&quot;},&quot;orderby_query_args&quot;:{&quot;orderby&quot;:{&quot;date&quot;:&quot;DESC&quot;}},&quot;type&quot;:&quot;masonry&quot;,&quot;us_grid_post_type&quot;:&quot;post&quot;,&quot;us_grid_ajax_index&quot;:1,&quot;us_grid_filter_query_string&quot;:null,&quot;us_grid_index&quot;:1,&quot;page_args&quot;:[]}}'><\/div>\r\n\t<\/div><\/div><\/div><\/div><div class=\"w-separator size_huge\"><\/div><\/div><\/div><\/div><\/div><\/section>\n","protected":false},"excerpt":{"rendered":"Metodologia de identificare si selec\u021bie a grupului \u021bint\u0103 (GT) pentru proiectul cu titlul \u201eSTART\" este realizat\u0103 pentru a facilita desf\u0103\u0219urarea \u00een condi\u021bii optime a acestei activit\u0103\u021bi.. vezi mai mult","protected":false},"author":1,"featured_media":0,"parent":0,"menu_order":0,"comment_status":"closed","ping_status":"closed","template":"","meta":{"footnotes":""},"class_list":["post-496","page","type-page","status-publish","hentry"],"_links":{"self":[{"href":"https:\/\/startconsiliere.com\/index.php?rest_route=\/wp\/v2\/pages\/496","targetHints":{"allow":["GET"]}}],"collection":[{"href":"https:\/\/startconsiliere.com\/index.php?rest_route=\/wp\/v2\/pages"}],"about":[{"href":"https:\/\/startconsiliere.com\/index.php?rest_route=\/wp\/v2\/types\/page"}],"author":[{"embeddable":true,"href":"https:\/\/startconsiliere.com\/index.php?rest_route=\/wp\/v2\/users\/1"}],"replies":[{"embeddable":true,"href":"https:\/\/startconsiliere.com\/index.php?rest_route=%2Fwp%2Fv2%2Fcomments&post=496"}],"version-history":[{"count":2,"href":"https:\/\/startconsiliere.com\/index.php?rest_route=\/wp\/v2\/pages\/496\/revisions"}],"predecessor-version":[{"id":498,"href":"https:\/\/startconsiliere.com\/index.php?rest_route=\/wp\/v2\/pages\/496\/revisions\/498"}],"wp:attachment":[{"href":"https:\/\/startconsiliere.com\/index.php?rest_route=%2Fwp%2Fv2%2Fmedia&parent=496"}],"curies":[{"name":"wp","href":"https:\/\/api.w.org\/{rel}","templated":true}]}}